{"id":652,"date":"2024-08-04T13:09:01","date_gmt":"2024-08-04T13:09:01","guid":{"rendered":"https:\/\/cristalesencia.com\/?post_type=product&#038;p=652"},"modified":"2024-08-04T13:53:48","modified_gmt":"2024-08-04T13:53:48","slug":"botella-personalizada-al-laser","status":"publish","type":"product","link":"https:\/\/cristalesencia.com\/index.php\/producto\/botella-personalizada-al-laser\/","title":{"rendered":"Botella personalizada al l\u00e1ser"},"content":{"rendered":"<p>Botella t\u00e9rmica 420 ml personalizada al l\u00e1ser<\/p>\n","protected":false},"excerpt":{"rendered":"<p>Botella t\u00e9rmica 420 ml personalizada al l\u00e1ser<\/p>\n","protected":false},"featured_media":658,"template":"","meta":[],"product_brand":[],"product_cat":[25,23,20],"product_tag":[],"class_list":{"0":"post-652","1":"product","2":"type-product","3":"status-publish","4":"has-post-thumbnail","6":"product_cat-deportes","7":"product_cat-dias-especiales","8":"product_cat-profesores","9":"sales-flash-overlay","10":"woocommerce-text-align-center","11":"woocommerce-image-align-center","12":"do-quantity-buttons","13":"wc-has-gallery","15":"first","16":"instock","17":"shipping-taxable","18":"purchasable","19":"product-type-simple"},"_links":{"self":[{"href":"https:\/\/cristalesencia.com\/index.php\/wp-json\/wp\/v2\/product\/652","targetHints":{"allow":["GET"]}}],"collection":[{"href":"https:\/\/cristalesencia.com\/index.php\/wp-json\/wp\/v2\/product"}],"about":[{"href":"https:\/\/cristalesencia.com\/index.php\/wp-json\/wp\/v2\/types\/product"}],"wp:featuredmedia":[{"embeddable":true,"href":"https:\/\/cristalesencia.com\/index.php\/wp-json\/wp\/v2\/media\/658"}],"wp:attachment":[{"href":"https:\/\/cristalesencia.com\/index.php\/wp-json\/wp\/v2\/media?parent=652"}],"wp:term":[{"taxonomy":"product_brand","embeddable":true,"href":"https:\/\/cristalesencia.com\/index.php\/wp-json\/wp\/v2\/product_brand?post=652"},{"taxonomy":"product_cat","embeddable":true,"href":"https:\/\/cristalesencia.com\/index.php\/wp-json\/wp\/v2\/product_cat?post=652"},{"taxonomy":"product_tag","embeddable":true,"href":"https:\/\/cristalesencia.com\/index.php\/wp-json\/wp\/v2\/product_tag?post=652"}],"curies":[{"name":"wp","href":"https:\/\/api.w.org\/{rel}","templated":true}]}}