{"id":456,"date":"2023-09-28T10:01:53","date_gmt":"2023-09-28T10:01:53","guid":{"rendered":"https:\/\/cristalesencia.com\/?post_type=product&#038;p=456"},"modified":"2024-02-11T20:57:03","modified_gmt":"2024-02-11T20:57:03","slug":"vaso-lata-con-tapa-y-canita","status":"publish","type":"product","link":"https:\/\/cristalesencia.com\/index.php\/producto\/vaso-lata-con-tapa-y-canita\/","title":{"rendered":"Vaso lata con tapa y ca\u00f1ita"},"content":{"rendered":"<p>Vaso con forma de lata 600 ml con tala de bamb\u00fa y ca\u00f1ita de cristal personalizado.<\/p>\n","protected":false},"excerpt":{"rendered":"<p>Vaso con forma de lata 600 ml con tala de bamb\u00fa y ca\u00f1ita de cristal personalizado.<\/p>\n","protected":false},"featured_media":457,"template":"","meta":[],"product_brand":[],"product_cat":[23,24,20],"product_tag":[],"class_list":{"0":"post-456","1":"product","2":"type-product","3":"status-publish","4":"has-post-thumbnail","6":"product_cat-dias-especiales","7":"product_cat-navidad","8":"product_cat-profesores","9":"sales-flash-overlay","10":"woocommerce-text-align-center","11":"woocommerce-image-align-center","12":"do-quantity-buttons","13":"wc-has-gallery","15":"first","16":"instock","17":"shipping-taxable","18":"purchasable","19":"product-type-simple"},"_links":{"self":[{"href":"https:\/\/cristalesencia.com\/index.php\/wp-json\/wp\/v2\/product\/456","targetHints":{"allow":["GET"]}}],"collection":[{"href":"https:\/\/cristalesencia.com\/index.php\/wp-json\/wp\/v2\/product"}],"about":[{"href":"https:\/\/cristalesencia.com\/index.php\/wp-json\/wp\/v2\/types\/product"}],"wp:featuredmedia":[{"embeddable":true,"href":"https:\/\/cristalesencia.com\/index.php\/wp-json\/wp\/v2\/media\/457"}],"wp:attachment":[{"href":"https:\/\/cristalesencia.com\/index.php\/wp-json\/wp\/v2\/media?parent=456"}],"wp:term":[{"taxonomy":"product_brand","embeddable":true,"href":"https:\/\/cristalesencia.com\/index.php\/wp-json\/wp\/v2\/product_brand?post=456"},{"taxonomy":"product_cat","embeddable":true,"href":"https:\/\/cristalesencia.com\/index.php\/wp-json\/wp\/v2\/product_cat?post=456"},{"taxonomy":"product_tag","embeddable":true,"href":"https:\/\/cristalesencia.com\/index.php\/wp-json\/wp\/v2\/product_tag?post=456"}],"curies":[{"name":"wp","href":"https:\/\/api.w.org\/{rel}","templated":true}]}}