{"id":416,"date":"2023-09-26T13:42:26","date_gmt":"2023-09-26T13:42:26","guid":{"rendered":"https:\/\/cristalesencia.com\/?post_type=product&#038;p=416"},"modified":"2024-02-11T21:01:14","modified_gmt":"2024-02-11T21:01:14","slug":"juego-2-copas-de-champan-caja","status":"publish","type":"product","link":"https:\/\/cristalesencia.com\/index.php\/producto\/juego-2-copas-de-champan-caja\/","title":{"rendered":"Juego 2 copas de champ\u00e1n + caja"},"content":{"rendered":"<p>Juego 2 copas de champ\u00e1n grabadas a mano con su caja de presentaci\u00f3n.<\/p>\n","protected":false},"excerpt":{"rendered":"<p>Juego 2 copas de champ\u00e1n grabadas a mano con su caja de presentaci\u00f3n.<\/p>\n","protected":false},"featured_media":418,"template":"","meta":[],"product_brand":[],"product_cat":[21,23,24],"product_tag":[],"class_list":{"0":"post-416","1":"product","2":"type-product","3":"status-publish","4":"has-post-thumbnail","6":"product_cat-bodas","7":"product_cat-dias-especiales","8":"product_cat-navidad","9":"sales-flash-overlay","10":"woocommerce-text-align-center","11":"woocommerce-image-align-center","12":"do-quantity-buttons","13":"wc-has-gallery","15":"first","16":"instock","17":"shipping-taxable","18":"purchasable","19":"product-type-simple"},"_links":{"self":[{"href":"https:\/\/cristalesencia.com\/index.php\/wp-json\/wp\/v2\/product\/416","targetHints":{"allow":["GET"]}}],"collection":[{"href":"https:\/\/cristalesencia.com\/index.php\/wp-json\/wp\/v2\/product"}],"about":[{"href":"https:\/\/cristalesencia.com\/index.php\/wp-json\/wp\/v2\/types\/product"}],"wp:featuredmedia":[{"embeddable":true,"href":"https:\/\/cristalesencia.com\/index.php\/wp-json\/wp\/v2\/media\/418"}],"wp:attachment":[{"href":"https:\/\/cristalesencia.com\/index.php\/wp-json\/wp\/v2\/media?parent=416"}],"wp:term":[{"taxonomy":"product_brand","embeddable":true,"href":"https:\/\/cristalesencia.com\/index.php\/wp-json\/wp\/v2\/product_brand?post=416"},{"taxonomy":"product_cat","embeddable":true,"href":"https:\/\/cristalesencia.com\/index.php\/wp-json\/wp\/v2\/product_cat?post=416"},{"taxonomy":"product_tag","embeddable":true,"href":"https:\/\/cristalesencia.com\/index.php\/wp-json\/wp\/v2\/product_tag?post=416"}],"curies":[{"name":"wp","href":"https:\/\/api.w.org\/{rel}","templated":true}]}}