{"id":376,"date":"2023-09-24T17:24:41","date_gmt":"2023-09-24T17:24:41","guid":{"rendered":"https:\/\/cristalesencia.com\/?post_type=product&#038;p=376"},"modified":"2023-09-24T17:32:24","modified_gmt":"2023-09-24T17:32:24","slug":"lampara-futbol-roja","status":"publish","type":"product","link":"https:\/\/cristalesencia.com\/index.php\/producto\/lampara-futbol-roja\/","title":{"rendered":"L\u00e1mpara f\u00fatbol roja"},"content":{"rendered":"<p>L\u00e1mpara f\u00fatbol roja 23 x 15 cm personalizable<\/p>\n","protected":false},"excerpt":{"rendered":"<p>L\u00e1mpara f\u00fatbol roja 23 x 15 cm personalizable<\/p>\n","protected":false},"featured_media":214,"template":"","meta":[],"product_brand":[],"product_cat":[25],"product_tag":[],"class_list":{"0":"post-376","1":"product","2":"type-product","3":"status-publish","4":"has-post-thumbnail","6":"product_cat-deportes","7":"sales-flash-overlay","8":"woocommerce-text-align-center","9":"woocommerce-image-align-center","10":"do-quantity-buttons","11":"wc-has-gallery","13":"first","14":"instock","15":"shipping-taxable","16":"purchasable","17":"product-type-simple"},"_links":{"self":[{"href":"https:\/\/cristalesencia.com\/index.php\/wp-json\/wp\/v2\/product\/376","targetHints":{"allow":["GET"]}}],"collection":[{"href":"https:\/\/cristalesencia.com\/index.php\/wp-json\/wp\/v2\/product"}],"about":[{"href":"https:\/\/cristalesencia.com\/index.php\/wp-json\/wp\/v2\/types\/product"}],"wp:featuredmedia":[{"embeddable":true,"href":"https:\/\/cristalesencia.com\/index.php\/wp-json\/wp\/v2\/media\/214"}],"wp:attachment":[{"href":"https:\/\/cristalesencia.com\/index.php\/wp-json\/wp\/v2\/media?parent=376"}],"wp:term":[{"taxonomy":"product_brand","embeddable":true,"href":"https:\/\/cristalesencia.com\/index.php\/wp-json\/wp\/v2\/product_brand?post=376"},{"taxonomy":"product_cat","embeddable":true,"href":"https:\/\/cristalesencia.com\/index.php\/wp-json\/wp\/v2\/product_cat?post=376"},{"taxonomy":"product_tag","embeddable":true,"href":"https:\/\/cristalesencia.com\/index.php\/wp-json\/wp\/v2\/product_tag?post=376"}],"curies":[{"name":"wp","href":"https:\/\/api.w.org\/{rel}","templated":true}]}}