{"id":174,"date":"2023-09-24T12:44:41","date_gmt":"2023-09-24T12:44:41","guid":{"rendered":"https:\/\/cristalesencia.com\/?post_type=product&#038;p=174"},"modified":"2023-09-24T17:52:15","modified_gmt":"2023-09-24T17:52:15","slug":"marco-de-comunion-nino","status":"publish","type":"product","link":"https:\/\/cristalesencia.com\/index.php\/producto\/marco-de-comunion-nino\/","title":{"rendered":"Marco de comuni\u00f3n ni\u00f1o"},"content":{"rendered":"<p>Marco de cristal comuni\u00f3n ni\u00f1o de 15 x 21 cm personalizable<\/p>\n","protected":false},"excerpt":{"rendered":"<p>Marco de cristal comuni\u00f3n ni\u00f1o de 15 x 21 cm personalizable<\/p>\n","protected":false},"featured_media":175,"template":"","meta":[],"product_brand":[],"product_cat":[19],"product_tag":[],"class_list":{"0":"post-174","1":"product","2":"type-product","3":"status-publish","4":"has-post-thumbnail","6":"product_cat-comuniones","7":"sales-flash-overlay","8":"woocommerce-text-align-center","9":"woocommerce-image-align-center","10":"do-quantity-buttons","12":"first","13":"instock","14":"shipping-taxable","15":"purchasable","16":"product-type-simple"},"_links":{"self":[{"href":"https:\/\/cristalesencia.com\/index.php\/wp-json\/wp\/v2\/product\/174","targetHints":{"allow":["GET"]}}],"collection":[{"href":"https:\/\/cristalesencia.com\/index.php\/wp-json\/wp\/v2\/product"}],"about":[{"href":"https:\/\/cristalesencia.com\/index.php\/wp-json\/wp\/v2\/types\/product"}],"wp:featuredmedia":[{"embeddable":true,"href":"https:\/\/cristalesencia.com\/index.php\/wp-json\/wp\/v2\/media\/175"}],"wp:attachment":[{"href":"https:\/\/cristalesencia.com\/index.php\/wp-json\/wp\/v2\/media?parent=174"}],"wp:term":[{"taxonomy":"product_brand","embeddable":true,"href":"https:\/\/cristalesencia.com\/index.php\/wp-json\/wp\/v2\/product_brand?post=174"},{"taxonomy":"product_cat","embeddable":true,"href":"https:\/\/cristalesencia.com\/index.php\/wp-json\/wp\/v2\/product_cat?post=174"},{"taxonomy":"product_tag","embeddable":true,"href":"https:\/\/cristalesencia.com\/index.php\/wp-json\/wp\/v2\/product_tag?post=174"}],"curies":[{"name":"wp","href":"https:\/\/api.w.org\/{rel}","templated":true}]}}