{"id":132,"date":"2023-09-24T10:05:35","date_gmt":"2023-09-24T10:05:35","guid":{"rendered":"https:\/\/cristalesencia.com\/?post_type=product&#038;p=132"},"modified":"2023-09-28T10:12:18","modified_gmt":"2023-09-28T10:12:18","slug":"marco-de-comunion-nina","status":"publish","type":"product","link":"https:\/\/cristalesencia.com\/index.php\/producto\/marco-de-comunion-nina\/","title":{"rendered":"Marco de comuni\u00f3n ni\u00f1a"},"content":{"rendered":"<p>Marco de cristal comuni\u00f3n ni\u00f1a de 15 x 21 cm personalizable<\/p>\n","protected":false},"excerpt":{"rendered":"<p>Marco de cristal comuni\u00f3n ni\u00f1a de 15 x 21 cm personalizable<\/p>\n","protected":false},"featured_media":133,"template":"","meta":[],"product_brand":[],"product_cat":[19],"product_tag":[],"class_list":{"0":"post-132","1":"product","2":"type-product","3":"status-publish","4":"has-post-thumbnail","6":"product_cat-comuniones","7":"sales-flash-overlay","8":"woocommerce-text-align-center","9":"woocommerce-image-align-center","10":"do-quantity-buttons","11":"wc-has-gallery","13":"first","14":"instock","15":"shipping-taxable","16":"purchasable","17":"product-type-simple"},"_links":{"self":[{"href":"https:\/\/cristalesencia.com\/index.php\/wp-json\/wp\/v2\/product\/132","targetHints":{"allow":["GET"]}}],"collection":[{"href":"https:\/\/cristalesencia.com\/index.php\/wp-json\/wp\/v2\/product"}],"about":[{"href":"https:\/\/cristalesencia.com\/index.php\/wp-json\/wp\/v2\/types\/product"}],"wp:featuredmedia":[{"embeddable":true,"href":"https:\/\/cristalesencia.com\/index.php\/wp-json\/wp\/v2\/media\/133"}],"wp:attachment":[{"href":"https:\/\/cristalesencia.com\/index.php\/wp-json\/wp\/v2\/media?parent=132"}],"wp:term":[{"taxonomy":"product_brand","embeddable":true,"href":"https:\/\/cristalesencia.com\/index.php\/wp-json\/wp\/v2\/product_brand?post=132"},{"taxonomy":"product_cat","embeddable":true,"href":"https:\/\/cristalesencia.com\/index.php\/wp-json\/wp\/v2\/product_cat?post=132"},{"taxonomy":"product_tag","embeddable":true,"href":"https:\/\/cristalesencia.com\/index.php\/wp-json\/wp\/v2\/product_tag?post=132"}],"curies":[{"name":"wp","href":"https:\/\/api.w.org\/{rel}","templated":true}]}}